{"id":19382,"date":"2026-02-11T08:38:08","date_gmt":"2026-02-11T07:38:08","guid":{"rendered":"https:\/\/infotec-ag.de\/?page_id=19382"},"modified":"2026-02-11T08:57:07","modified_gmt":"2026-02-11T07:57:07","slug":"danke-sx-hub","status":"publish","type":"page","link":"https:\/\/infotec-ag.de\/en\/danke-sx-hub\/","title":{"rendered":"Danke-SX Hub"},"content":{"rendered":"<div data-elementor-type=\"wp-page\" data-elementor-id=\"19382\" class=\"elementor elementor-19382\" data-elementor-post-type=\"page\">\n\t\t\t\t<div class=\"elementor-element elementor-element-bc8ad48 e-con-full e-flex e-con e-parent\" data-id=\"bc8ad48\" data-element_type=\"container\" data-settings=\"{&quot;background_background&quot;:&quot;classic&quot;}\">\n\t\t<div class=\"elementor-element elementor-element-2a294dd e-con-full e-flex e-con e-child\" data-id=\"2a294dd\" data-element_type=\"container\" data-settings=\"{&quot;background_background&quot;:&quot;classic&quot;}\">\n\t\t\t\t<div class=\"elementor-element elementor-element-9c6b3c6 elementor-widget elementor-widget-image\" data-id=\"9c6b3c6\" data-element_type=\"widget\" data-widget_type=\"image.default\">\n\t\t\t\t\t\t\t\t\t\t\t\t\t\t\t<img fetchpriority=\"high\" decoding=\"async\" width=\"792\" height=\"324\" src=\"https:\/\/infotec-ag.de\/wp-content\/uploads\/2025\/05\/infotec-SX-wortmarke-rahmen.png\" class=\"attachment-large size-large wp-image-8961\" alt=\"SX\" srcset=\"https:\/\/infotec-ag.de\/wp-content\/uploads\/2025\/05\/infotec-SX-wortmarke-rahmen.png 792w, https:\/\/infotec-ag.de\/wp-content\/uploads\/2025\/05\/infotec-SX-wortmarke-rahmen-300x123.png 300w, https:\/\/infotec-ag.de\/wp-content\/uploads\/2025\/05\/infotec-SX-wortmarke-rahmen-768x314.png 768w\" sizes=\"(max-width: 792px) 100vw, 792px\" \/>\t\t\t\t\t\t\t\t\t\t\t\t\t\t\t<\/div>\n\t\t\t\t<div class=\"elementor-element elementor-element-29a1f49 elementor-widget elementor-widget-heading\" data-id=\"29a1f49\" data-element_type=\"widget\" data-widget_type=\"heading.default\">\n\t\t\t\t\t<h2 class=\"elementor-heading-title elementor-size-default\">Herzlich Willkommen in der <br>Shopfloor eXcellence Community<\/h2>\t\t\t\t<\/div>\n\t\t\t\t<div class=\"elementor-element elementor-element-f27c12a elementor-widget__width-initial elementor-widget-mobile__width-inherit elementor-widget-tablet__width-inherit elementor-widget elementor-widget-text-editor\" data-id=\"f27c12a\" data-element_type=\"widget\" data-widget_type=\"text-editor.default\">\n\t\t\t\t\t\t\t\t\t<p>Sie erhalten in k\u00fcrze eine Email mit allen notwendigen Informationen und Ihren pers\u00f6nlichen Zugangsdaten zum SX Hub von uns. Wir w\u00fcnschen Ihnen viel Freude im neuen SX HUB.<\/p>\t\t\t\t\t\t\t\t<\/div>\n\t\t\t\t<div class=\"elementor-element elementor-element-31fbc3c elementor-align-right elementor-widget elementor-widget-button\" data-id=\"31fbc3c\" data-element_type=\"widget\" data-widget_type=\"button.default\">\n\t\t\t\t\t\t\t\t\t\t<a class=\"elementor-button elementor-button-link elementor-size-sm\" href=\"https:\/\/infotec-ag.de\/en\/sx-dashboard\/\">\n\t\t\t\t\t\t<span class=\"elementor-button-content-wrapper\">\n\t\t\t\t\t\t\t\t\t<span class=\"elementor-button-text\">Jetzt zum SX Hub<\/span>\n\t\t\t\t\t<\/span>\n\t\t\t\t\t<\/a>\n\t\t\t\t\t\t\t\t<\/div>\n\t\t\t\t<\/div>\n\t\t\t\t<\/div>\n\t\t\t\t<\/div>","protected":false},"excerpt":{"rendered":"<p>Herzlich Willkommen in der Shopfloor eXcellence Community Sie erhalten in k\u00fcrze eine Email mit allen notwendigen Informationen und Ihren pers\u00f6nlichen Zugangsdaten zum SX Hub von uns. Wir w\u00fcnschen Ihnen viel Freude im neuen SX HUB. Jetzt zum SX Hub<\/p>","protected":false},"author":1,"featured_media":0,"parent":0,"menu_order":0,"comment_status":"closed","ping_status":"closed","template":"","meta":{"footnotes":""},"class_list":["post-19382","page","type-page","status-publish","hentry"],"yoast_head":"<!-- This site is optimized with the Yoast SEO plugin v27.2 - https:\/\/yoast.com\/product\/yoast-seo-wordpress\/ -->\n<title>Danke-SX Hub - IGH Infotec AG<\/title>\n<meta name=\"description\" content=\"Vielen Dank f\u00fcr Ihre Anmeldung zu unserem SX HUB. Wir freuen uns auf Sie, genie\u00dfen Sie die Vorteile einer exklusiven Community.\" \/>\n<meta name=\"robots\" content=\"index, follow, max-snippet:-1, max-image-preview:large, max-video-preview:-1\" \/>\n<link rel=\"canonical\" href=\"https:\/\/infotec-ag.de\/en\/danke-sx-hub\/\" \/>\n<meta property=\"og:locale\" content=\"en_GB\" \/>\n<meta property=\"og:type\" content=\"article\" \/>\n<meta property=\"og:title\" content=\"Danke-SX Hub - IGH Infotec AG\" \/>\n<meta property=\"og:description\" content=\"Vielen Dank f\u00fcr Ihre Anmeldung zu unserem SX HUB. Wir freuen uns auf Sie, genie\u00dfen Sie die Vorteile einer exklusiven Community.\" \/>\n<meta property=\"og:url\" content=\"https:\/\/infotec-ag.de\/en\/danke-sx-hub\/\" \/>\n<meta property=\"og:site_name\" content=\"IGH Infotec AG\" \/>\n<meta property=\"article:modified_time\" content=\"2026-02-11T07:57:07+00:00\" \/>\n<meta property=\"og:image\" content=\"https:\/\/infotec-ag.de\/wp-content\/uploads\/2025\/05\/infotec-SX-wortmarke-rahmen.png\" \/>\n\t<meta property=\"og:image:width\" content=\"792\" \/>\n\t<meta property=\"og:image:height\" content=\"324\" \/>\n\t<meta property=\"og:image:type\" content=\"image\/png\" \/>\n<meta name=\"twitter:card\" content=\"summary_large_image\" \/>\n<meta name=\"twitter:label1\" content=\"Estimated reading time\" \/>\n\t<meta name=\"twitter:data1\" content=\"1 minute\" \/>\n<script type=\"application\/ld+json\" class=\"yoast-schema-graph\">{\"@context\":\"https:\/\/schema.org\",\"@graph\":[{\"@type\":\"WebPage\",\"@id\":\"https:\/\/infotec-ag.de\/danke-sx-hub\/\",\"url\":\"https:\/\/infotec-ag.de\/danke-sx-hub\/\",\"name\":\"Danke-SX Hub - IGH Infotec AG\",\"isPartOf\":{\"@id\":\"https:\/\/infotec-ag.de\/#website\"},\"primaryImageOfPage\":{\"@id\":\"https:\/\/infotec-ag.de\/danke-sx-hub\/#primaryimage\"},\"image\":{\"@id\":\"https:\/\/infotec-ag.de\/danke-sx-hub\/#primaryimage\"},\"thumbnailUrl\":\"https:\/\/infotec-ag.de\/wp-content\/uploads\/2025\/05\/infotec-SX-wortmarke-rahmen.png\",\"datePublished\":\"2026-02-11T07:38:08+00:00\",\"dateModified\":\"2026-02-11T07:57:07+00:00\",\"description\":\"Vielen Dank f\u00fcr Ihre Anmeldung zu unserem SX HUB. Wir freuen uns auf Sie, genie\u00dfen Sie die Vorteile einer exklusiven Community.\",\"breadcrumb\":{\"@id\":\"https:\/\/infotec-ag.de\/danke-sx-hub\/#breadcrumb\"},\"inLanguage\":\"en-GB\",\"potentialAction\":[{\"@type\":\"ReadAction\",\"target\":[\"https:\/\/infotec-ag.de\/danke-sx-hub\/\"]}]},{\"@type\":\"ImageObject\",\"inLanguage\":\"en-GB\",\"@id\":\"https:\/\/infotec-ag.de\/danke-sx-hub\/#primaryimage\",\"url\":\"https:\/\/infotec-ag.de\/wp-content\/uploads\/2025\/05\/infotec-SX-wortmarke-rahmen.png\",\"contentUrl\":\"https:\/\/infotec-ag.de\/wp-content\/uploads\/2025\/05\/infotec-SX-wortmarke-rahmen.png\"},{\"@type\":\"BreadcrumbList\",\"@id\":\"https:\/\/infotec-ag.de\/danke-sx-hub\/#breadcrumb\",\"itemListElement\":[{\"@type\":\"ListItem\",\"position\":1,\"name\":\"Startseite\",\"item\":\"https:\/\/infotec-ag.de\/\"},{\"@type\":\"ListItem\",\"position\":2,\"name\":\"Danke-SX Hub\"}]},{\"@type\":\"WebSite\",\"@id\":\"https:\/\/infotec-ag.de\/#website\",\"url\":\"https:\/\/infotec-ag.de\/\",\"name\":\"IGH Infotec AG\",\"description\":\"\",\"publisher\":{\"@id\":\"https:\/\/infotec-ag.de\/#organization\"},\"potentialAction\":[{\"@type\":\"SearchAction\",\"target\":{\"@type\":\"EntryPoint\",\"urlTemplate\":\"https:\/\/infotec-ag.de\/?s={search_term_string}\"},\"query-input\":{\"@type\":\"PropertyValueSpecification\",\"valueRequired\":true,\"valueName\":\"search_term_string\"}}],\"inLanguage\":\"en-GB\"},{\"@type\":\"Organization\",\"@id\":\"https:\/\/infotec-ag.de\/#organization\",\"name\":\"IGH Infotec AG\",\"url\":\"https:\/\/infotec-ag.de\/\",\"logo\":{\"@type\":\"ImageObject\",\"inLanguage\":\"en-GB\",\"@id\":\"https:\/\/infotec-ag.de\/#\/schema\/logo\/image\/\",\"url\":\"https:\/\/infotec-ag.de\/wp-content\/uploads\/2025\/02\/Logo_Blue.svg\",\"contentUrl\":\"https:\/\/infotec-ag.de\/wp-content\/uploads\/2025\/02\/Logo_Blue.svg\",\"width\":199,\"height\":42,\"caption\":\"IGH Infotec AG\"},\"image\":{\"@id\":\"https:\/\/infotec-ag.de\/#\/schema\/logo\/image\/\"}}]}<\/script>\n<!-- \/ Yoast SEO plugin. -->","yoast_head_json":{"title":"Danke-SX Hub - IGH Infotec AG","description":"Vielen Dank f\u00fcr Ihre Anmeldung zu unserem SX HUB. Wir freuen uns auf Sie, genie\u00dfen Sie die Vorteile einer exklusiven Community.","robots":{"index":"index","follow":"follow","max-snippet":"max-snippet:-1","max-image-preview":"max-image-preview:large","max-video-preview":"max-video-preview:-1"},"canonical":"https:\/\/infotec-ag.de\/en\/danke-sx-hub\/","og_locale":"en_GB","og_type":"article","og_title":"Danke-SX Hub - IGH Infotec AG","og_description":"Vielen Dank f\u00fcr Ihre Anmeldung zu unserem SX HUB. Wir freuen uns auf Sie, genie\u00dfen Sie die Vorteile einer exklusiven Community.","og_url":"https:\/\/infotec-ag.de\/en\/danke-sx-hub\/","og_site_name":"IGH Infotec AG","article_modified_time":"2026-02-11T07:57:07+00:00","og_image":[{"width":792,"height":324,"url":"https:\/\/infotec-ag.de\/wp-content\/uploads\/2025\/05\/infotec-SX-wortmarke-rahmen.png","type":"image\/png"}],"twitter_card":"summary_large_image","twitter_misc":{"Estimated reading time":"1 minute"},"schema":{"@context":"https:\/\/schema.org","@graph":[{"@type":"WebPage","@id":"https:\/\/infotec-ag.de\/danke-sx-hub\/","url":"https:\/\/infotec-ag.de\/danke-sx-hub\/","name":"Danke-SX Hub - IGH Infotec AG","isPartOf":{"@id":"https:\/\/infotec-ag.de\/#website"},"primaryImageOfPage":{"@id":"https:\/\/infotec-ag.de\/danke-sx-hub\/#primaryimage"},"image":{"@id":"https:\/\/infotec-ag.de\/danke-sx-hub\/#primaryimage"},"thumbnailUrl":"https:\/\/infotec-ag.de\/wp-content\/uploads\/2025\/05\/infotec-SX-wortmarke-rahmen.png","datePublished":"2026-02-11T07:38:08+00:00","dateModified":"2026-02-11T07:57:07+00:00","description":"Vielen Dank f\u00fcr Ihre Anmeldung zu unserem SX HUB. Wir freuen uns auf Sie, genie\u00dfen Sie die Vorteile einer exklusiven Community.","breadcrumb":{"@id":"https:\/\/infotec-ag.de\/danke-sx-hub\/#breadcrumb"},"inLanguage":"en-GB","potentialAction":[{"@type":"ReadAction","target":["https:\/\/infotec-ag.de\/danke-sx-hub\/"]}]},{"@type":"ImageObject","inLanguage":"en-GB","@id":"https:\/\/infotec-ag.de\/danke-sx-hub\/#primaryimage","url":"https:\/\/infotec-ag.de\/wp-content\/uploads\/2025\/05\/infotec-SX-wortmarke-rahmen.png","contentUrl":"https:\/\/infotec-ag.de\/wp-content\/uploads\/2025\/05\/infotec-SX-wortmarke-rahmen.png"},{"@type":"BreadcrumbList","@id":"https:\/\/infotec-ag.de\/danke-sx-hub\/#breadcrumb","itemListElement":[{"@type":"ListItem","position":1,"name":"Startseite","item":"https:\/\/infotec-ag.de\/"},{"@type":"ListItem","position":2,"name":"Danke-SX Hub"}]},{"@type":"WebSite","@id":"https:\/\/infotec-ag.de\/#website","url":"https:\/\/infotec-ag.de\/","name":"IGH Infotec AG","description":"","publisher":{"@id":"https:\/\/infotec-ag.de\/#organization"},"potentialAction":[{"@type":"SearchAction","target":{"@type":"EntryPoint","urlTemplate":"https:\/\/infotec-ag.de\/?s={search_term_string}"},"query-input":{"@type":"PropertyValueSpecification","valueRequired":true,"valueName":"search_term_string"}}],"inLanguage":"en-GB"},{"@type":"Organization","@id":"https:\/\/infotec-ag.de\/#organization","name":"IGH Infotec AG","url":"https:\/\/infotec-ag.de\/","logo":{"@type":"ImageObject","inLanguage":"en-GB","@id":"https:\/\/infotec-ag.de\/#\/schema\/logo\/image\/","url":"https:\/\/infotec-ag.de\/wp-content\/uploads\/2025\/02\/Logo_Blue.svg","contentUrl":"https:\/\/infotec-ag.de\/wp-content\/uploads\/2025\/02\/Logo_Blue.svg","width":199,"height":42,"caption":"IGH Infotec AG"},"image":{"@id":"https:\/\/infotec-ag.de\/#\/schema\/logo\/image\/"}}]}},"_links":{"self":[{"href":"https:\/\/infotec-ag.de\/en\/wp-json\/wp\/v2\/pages\/19382","targetHints":{"allow":["GET"]}}],"collection":[{"href":"https:\/\/infotec-ag.de\/en\/wp-json\/wp\/v2\/pages"}],"about":[{"href":"https:\/\/infotec-ag.de\/en\/wp-json\/wp\/v2\/types\/page"}],"author":[{"embeddable":true,"href":"https:\/\/infotec-ag.de\/en\/wp-json\/wp\/v2\/users\/1"}],"replies":[{"embeddable":true,"href":"https:\/\/infotec-ag.de\/en\/wp-json\/wp\/v2\/comments?post=19382"}],"version-history":[{"count":0,"href":"https:\/\/infotec-ag.de\/en\/wp-json\/wp\/v2\/pages\/19382\/revisions"}],"wp:attachment":[{"href":"https:\/\/infotec-ag.de\/en\/wp-json\/wp\/v2\/media?parent=19382"}],"curies":[{"name":"wp","href":"https:\/\/api.w.org\/{rel}","templated":true}]}}