{"id":3982,"date":"2025-03-03T16:25:40","date_gmt":"2025-03-03T15:25:40","guid":{"rendered":"https:\/\/ighinfotecagwebsite.live-website.com\/?page_id=3982"},"modified":"2026-02-16T11:08:45","modified_gmt":"2026-02-16T10:08:45","slug":"impressum","status":"publish","type":"page","link":"https:\/\/infotec-ag.de\/en\/impressum\/","title":{"rendered":"Imprint"},"content":{"rendered":"<div data-elementor-type=\"wp-page\" data-elementor-id=\"3982\" class=\"elementor elementor-3982\" data-elementor-post-type=\"page\">\n\t\t\t\t<div class=\"elementor-element elementor-element-122c952 e-flex e-con-boxed e-con e-parent\" data-id=\"122c952\" data-element_type=\"container\">\n\t\t\t\t\t<div class=\"e-con-inner\">\n\t\t<div class=\"elementor-element elementor-element-e1cce56 e-con-full e-flex e-con e-child\" data-id=\"e1cce56\" data-element_type=\"container\" data-settings=\"{&quot;background_background&quot;:&quot;classic&quot;}\">\n\t\t<div class=\"elementor-element elementor-element-c7287bd e-con-full e-flex e-con e-child\" data-id=\"c7287bd\" data-element_type=\"container\" data-settings=\"{&quot;background_background&quot;:&quot;classic&quot;}\">\n\t\t\t\t<\/div>\n\t\t\t\t<div class=\"elementor-element elementor-element-0b16219 elementor-widget__width-auto elementor-widget elementor-widget-heading\" data-id=\"0b16219\" data-element_type=\"widget\" data-widget_type=\"heading.default\">\n\t\t\t\t\t<h2 class=\"elementor-heading-title elementor-size-default\">Legal Matters<\/h2>\t\t\t\t<\/div>\n\t\t\t\t<\/div>\n\t\t\t\t<div class=\"elementor-element elementor-element-531df79 white-gradient-reverse elementor-widget elementor-widget-heading\" data-id=\"531df79\" data-element_type=\"widget\" data-widget_type=\"heading.default\">\n\t\t\t\t\t<h1 class=\"elementor-heading-title elementor-size-default\">Imprint<\/h1>\t\t\t\t<\/div>\n\t\t<div class=\"elementor-element elementor-element-fb7d67c e-con-full blurred e-flex e-con e-child\" data-id=\"fb7d67c\" data-element_type=\"container\" data-settings=\"{&quot;background_background&quot;:&quot;classic&quot;,&quot;position&quot;:&quot;absolute&quot;}\">\n\t\t\t\t<\/div>\n\t\t\t\t\t<\/div>\n\t\t\t\t<\/div>\n\t\t<div class=\"elementor-element elementor-element-47dcaf0 e-flex e-con-boxed e-con e-parent\" data-id=\"47dcaf0\" data-element_type=\"container\">\n\t\t\t\t\t<div class=\"e-con-inner\">\n\t\t\t\t<div class=\"elementor-element elementor-element-d549017 elementor-widget elementor-widget-html\" data-id=\"d549017\" data-element_type=\"widget\" data-widget_type=\"html.default\">\n\t\t\t\t\t<h3>Information According to \u00a7 5 TMG<\/h3>\n    <p><strong>IGH Infotec AG<\/strong><br>\n    Berghausener Street 98<br>\n    40764 Langenfeld<br>\n    Germany<\/p>\n\n    <h3>Contact Us<\/h3>\n    <p>Phone: +49 2173 \/ 9109-0<br>\n    Fax: +49 2173 \/ 9109-100<br>\n    E-mail: info@infotec-ag.de<\/p>\n\n    <h3>Represented By<\/h3>\n    <p>Board of Directors: <br>Andre H\u00f6rmandinger<br>\nTorsten Dehnert <br>\nAchim Rottsch\u00e4fer<br><br>\n    \n    Chairman of the Supervisory Board: Andreas Karpenstein<\/p>\n\n    <h3>Register Entry<\/h3>\n    <p>Entry in the commercial register.<br>\n    Register court: D\u00fcsseldorf Local Court<br>\n    Register number: HRB 45996<\/p>\n\n    <h3>Sales Tax ID<\/h3>\n    <p>Sales tax identification number according to \u00a727 a sales tax law:<br>\n   DE174668483<\/p>\n\n    <h3>Responsible for the Content According to \u00a7 55 Abs. 2 RStV<\/h3>\n    <p>Mr Andre H\u00f6rmandinger<br>\n    Berghausener Street 98<br>\n    40764 Langenfeld<br>\n    Germany<\/p>\n\n    <h3>Disclaimer<\/h3>\n    <h4>Liability for Content<\/h4>\n    <p>As a service provider, we are responsible for our own content on these pages in accordance with Section 7 (1) TMG (German Telemedia Act) and general legislation. According to \u00a7\u00a7 8 to 10 TMG, however, we as a service provider are not obliged to monitor transmitted or stored third-party information or to investigate circumstances that indicate illegal activity.<\/p>\n    <p>Obligations to remove or block the use of information in accordance with general legislation remain unaffected by this. However, liability in this respect is only possible from the time we become aware of a specific infringement. As soon as we become aware of such infringements, we will remove this content immediately.<\/p>\n\n    <h4>Liability for Links<\/h4>\n    <p>Our website contains links to external third-party websites over whose content we have no influence. Therefore, we cannot accept any liability for this third-party content. The respective provider or operator of the pages is always responsible for the content of the linked pages. The linked pages were checked for possible legal violations at the time of linking. Illegal contents were not recognisable at the time of linking.<\/p>\n    <p>However, permanent monitoring of the content of the linked pages is not reasonable without concrete evidence of an infringement. If we become aware of any legal infringements, we will remove such links immediately.<\/p>\n\n    <h4>Copyright<\/h4>\n    <p>The content and works created by the site operators on these pages are subject to German copyright law. Duplication, processing, distribution and any kind of utilisation outside the limits of copyright law require the written consent of the respective author or creator. Downloads and copies of this site are only permitted for private, non-commercial use.<\/p>\n    <p>Insofar as the content on this site was not created by the operator, the copyrights of third parties are respected. In particular, third-party content is labelled as such. Should you nevertheless become aware of a copyright infringement, please inform us accordingly. If we become aware of any infringements, we will remove such content immediately.<\/p>\n    <br>\n    \n        <h3> <a href=\"https:\/\/rheinspace.de\" style=\"color:white\">Webdesign Agentur<\/a> &\n            \n            <a href=\"https:\/\/rheinspace.de\/website-betreuung\/\" style=\"color:white\">Website Betreuung<\/a>\n        <\/h3> \n       <img decoding=\"async\" src=\"https:\/\/rheinspace.de\/wp-content\/uploads\/2025\/11\/RS_Logo.png\" alt=\"RHEINSPACE LOGO\" style=\"width: 25px; margin-right: 5px\"\/> \n\n       <a href=\"https:\/\/rheinspace.de\" style=\"color:white\"> RHEINSPACE GmbH<\/a>\n       \n\t\t\t\t<\/div>\n\t\t\t\t\t<\/div>\n\t\t\t\t<\/div>\n\t\t\t\t<\/div>","protected":false},"excerpt":{"rendered":"<p>Rechtliches Impressum Angaben gem\u00e4\u00df \u00a7 5 TMG IGH Infotec AG Berghausener Stra\u00dfe 98 40764 Langenfeld Deutschland Kontakt Telefon: +49 2173 \/ 9109-0 Fax: +49 2173 \/ 9109-100 E-Mail: info@infotec-ag.de Vertreten durch Vorstand: Andre H\u00f6rmandinger Torsten Dehnert Achim Rottsch\u00e4fer Aufsichtsratsvorsitzender: Andreas Karpenstein Registereintrag Eintragung im Handelsregister. Registergericht: Amtsgericht D\u00fcsseldorf Registernummer: HRB 45996 Umsatzsteuer-ID Umsatzsteuer-Identifikationsnummer gem\u00e4\u00df \u00a727 [&hellip;]<\/p>\n","protected":false},"author":1,"featured_media":5885,"parent":0,"menu_order":0,"comment_status":"closed","ping_status":"closed","template":"","meta":{"footnotes":""},"class_list":["post-3982","page","type-page","status-publish","has-post-thumbnail","hentry"],"yoast_head":"<!-- This site is optimized with the Yoast SEO plugin v27.2 - https:\/\/yoast.com\/product\/yoast-seo-wordpress\/ -->\n<title>Impressum - IGH Infotec AG<\/title>\n<meta name=\"description\" content=\"mpressum der Infotec AG mit allen rechtlichen Angaben, Kontaktdaten und Informationen zum Unternehmen IGH Infotec AG.\" \/>\n<meta name=\"robots\" content=\"index, follow, max-snippet:-1, max-image-preview:large, max-video-preview:-1\" \/>\n<link rel=\"canonical\" href=\"https:\/\/infotec-ag.de\/en\/impressum\/\" \/>\n<meta property=\"og:locale\" content=\"en_GB\" \/>\n<meta property=\"og:type\" content=\"article\" \/>\n<meta property=\"og:title\" content=\"Impressum - IGH Infotec AG\" \/>\n<meta property=\"og:description\" content=\"mpressum der Infotec AG mit allen rechtlichen Angaben, Kontaktdaten und Informationen zum Unternehmen IGH Infotec AG.\" \/>\n<meta property=\"og:url\" content=\"https:\/\/infotec-ag.de\/en\/impressum\/\" \/>\n<meta property=\"og:site_name\" content=\"IGH Infotec AG\" \/>\n<meta property=\"article:modified_time\" content=\"2026-02-16T10:08:45+00:00\" \/>\n<meta property=\"og:image\" content=\"https:\/\/infotec-ag.de\/wp-content\/uploads\/2025\/03\/DSC09238-min-2.jpg\" \/>\n\t<meta property=\"og:image:width\" content=\"2560\" \/>\n\t<meta property=\"og:image:height\" content=\"1707\" \/>\n\t<meta property=\"og:image:type\" content=\"image\/jpeg\" \/>\n<meta name=\"twitter:card\" content=\"summary_large_image\" \/>\n<meta name=\"twitter:label1\" content=\"Estimated reading time\" \/>\n\t<meta name=\"twitter:data1\" content=\"2 minutes\" \/>\n<script type=\"application\/ld+json\" class=\"yoast-schema-graph\">{\"@context\":\"https:\/\/schema.org\",\"@graph\":[{\"@type\":\"WebPage\",\"@id\":\"https:\/\/infotec-ag.de\/impressum\/\",\"url\":\"https:\/\/infotec-ag.de\/impressum\/\",\"name\":\"Impressum - IGH Infotec AG\",\"isPartOf\":{\"@id\":\"https:\/\/infotec-ag.de\/#website\"},\"primaryImageOfPage\":{\"@id\":\"https:\/\/infotec-ag.de\/impressum\/#primaryimage\"},\"image\":{\"@id\":\"https:\/\/infotec-ag.de\/impressum\/#primaryimage\"},\"thumbnailUrl\":\"https:\/\/infotec-ag.de\/wp-content\/uploads\/2025\/03\/DSC09238-min-2.jpg\",\"datePublished\":\"2025-03-03T15:25:40+00:00\",\"dateModified\":\"2026-02-16T10:08:45+00:00\",\"description\":\"mpressum der Infotec AG mit allen rechtlichen Angaben, Kontaktdaten und Informationen zum Unternehmen IGH Infotec AG.\",\"breadcrumb\":{\"@id\":\"https:\/\/infotec-ag.de\/impressum\/#breadcrumb\"},\"inLanguage\":\"en-GB\",\"potentialAction\":[{\"@type\":\"ReadAction\",\"target\":[\"https:\/\/infotec-ag.de\/impressum\/\"]}]},{\"@type\":\"ImageObject\",\"inLanguage\":\"en-GB\",\"@id\":\"https:\/\/infotec-ag.de\/impressum\/#primaryimage\",\"url\":\"https:\/\/infotec-ag.de\/wp-content\/uploads\/2025\/03\/DSC09238-min-2.jpg\",\"contentUrl\":\"https:\/\/infotec-ag.de\/wp-content\/uploads\/2025\/03\/DSC09238-min-2.jpg\",\"width\":2560,\"height\":1707,\"caption\":\"IGH Infotec Geb\u00e4ude\"},{\"@type\":\"BreadcrumbList\",\"@id\":\"https:\/\/infotec-ag.de\/impressum\/#breadcrumb\",\"itemListElement\":[{\"@type\":\"ListItem\",\"position\":1,\"name\":\"Startseite\",\"item\":\"https:\/\/infotec-ag.de\/\"},{\"@type\":\"ListItem\",\"position\":2,\"name\":\"Impressum\"}]},{\"@type\":\"WebSite\",\"@id\":\"https:\/\/infotec-ag.de\/#website\",\"url\":\"https:\/\/infotec-ag.de\/\",\"name\":\"IGH Infotec AG\",\"description\":\"\",\"publisher\":{\"@id\":\"https:\/\/infotec-ag.de\/#organization\"},\"potentialAction\":[{\"@type\":\"SearchAction\",\"target\":{\"@type\":\"EntryPoint\",\"urlTemplate\":\"https:\/\/infotec-ag.de\/?s={search_term_string}\"},\"query-input\":{\"@type\":\"PropertyValueSpecification\",\"valueRequired\":true,\"valueName\":\"search_term_string\"}}],\"inLanguage\":\"en-GB\"},{\"@type\":\"Organization\",\"@id\":\"https:\/\/infotec-ag.de\/#organization\",\"name\":\"IGH Infotec AG\",\"url\":\"https:\/\/infotec-ag.de\/\",\"logo\":{\"@type\":\"ImageObject\",\"inLanguage\":\"en-GB\",\"@id\":\"https:\/\/infotec-ag.de\/#\/schema\/logo\/image\/\",\"url\":\"https:\/\/infotec-ag.de\/wp-content\/uploads\/2025\/02\/Logo_Blue.svg\",\"contentUrl\":\"https:\/\/infotec-ag.de\/wp-content\/uploads\/2025\/02\/Logo_Blue.svg\",\"width\":199,\"height\":42,\"caption\":\"IGH Infotec AG\"},\"image\":{\"@id\":\"https:\/\/infotec-ag.de\/#\/schema\/logo\/image\/\"}}]}<\/script>\n<!-- \/ Yoast SEO plugin. -->","yoast_head_json":{"title":"Impressum - IGH Infotec AG","description":"mpressum der Infotec AG mit allen rechtlichen Angaben, Kontaktdaten und Informationen zum Unternehmen IGH Infotec AG.","robots":{"index":"index","follow":"follow","max-snippet":"max-snippet:-1","max-image-preview":"max-image-preview:large","max-video-preview":"max-video-preview:-1"},"canonical":"https:\/\/infotec-ag.de\/en\/impressum\/","og_locale":"en_GB","og_type":"article","og_title":"Impressum - IGH Infotec AG","og_description":"mpressum der Infotec AG mit allen rechtlichen Angaben, Kontaktdaten und Informationen zum Unternehmen IGH Infotec AG.","og_url":"https:\/\/infotec-ag.de\/en\/impressum\/","og_site_name":"IGH Infotec AG","article_modified_time":"2026-02-16T10:08:45+00:00","og_image":[{"width":2560,"height":1707,"url":"https:\/\/infotec-ag.de\/wp-content\/uploads\/2025\/03\/DSC09238-min-2.jpg","type":"image\/jpeg"}],"twitter_card":"summary_large_image","twitter_misc":{"Estimated reading time":"2 minutes"},"schema":{"@context":"https:\/\/schema.org","@graph":[{"@type":"WebPage","@id":"https:\/\/infotec-ag.de\/impressum\/","url":"https:\/\/infotec-ag.de\/impressum\/","name":"Impressum - IGH Infotec AG","isPartOf":{"@id":"https:\/\/infotec-ag.de\/#website"},"primaryImageOfPage":{"@id":"https:\/\/infotec-ag.de\/impressum\/#primaryimage"},"image":{"@id":"https:\/\/infotec-ag.de\/impressum\/#primaryimage"},"thumbnailUrl":"https:\/\/infotec-ag.de\/wp-content\/uploads\/2025\/03\/DSC09238-min-2.jpg","datePublished":"2025-03-03T15:25:40+00:00","dateModified":"2026-02-16T10:08:45+00:00","description":"mpressum der Infotec AG mit allen rechtlichen Angaben, Kontaktdaten und Informationen zum Unternehmen IGH Infotec AG.","breadcrumb":{"@id":"https:\/\/infotec-ag.de\/impressum\/#breadcrumb"},"inLanguage":"en-GB","potentialAction":[{"@type":"ReadAction","target":["https:\/\/infotec-ag.de\/impressum\/"]}]},{"@type":"ImageObject","inLanguage":"en-GB","@id":"https:\/\/infotec-ag.de\/impressum\/#primaryimage","url":"https:\/\/infotec-ag.de\/wp-content\/uploads\/2025\/03\/DSC09238-min-2.jpg","contentUrl":"https:\/\/infotec-ag.de\/wp-content\/uploads\/2025\/03\/DSC09238-min-2.jpg","width":2560,"height":1707,"caption":"IGH Infotec Geb\u00e4ude"},{"@type":"BreadcrumbList","@id":"https:\/\/infotec-ag.de\/impressum\/#breadcrumb","itemListElement":[{"@type":"ListItem","position":1,"name":"Startseite","item":"https:\/\/infotec-ag.de\/"},{"@type":"ListItem","position":2,"name":"Impressum"}]},{"@type":"WebSite","@id":"https:\/\/infotec-ag.de\/#website","url":"https:\/\/infotec-ag.de\/","name":"IGH Infotec AG","description":"","publisher":{"@id":"https:\/\/infotec-ag.de\/#organization"},"potentialAction":[{"@type":"SearchAction","target":{"@type":"EntryPoint","urlTemplate":"https:\/\/infotec-ag.de\/?s={search_term_string}"},"query-input":{"@type":"PropertyValueSpecification","valueRequired":true,"valueName":"search_term_string"}}],"inLanguage":"en-GB"},{"@type":"Organization","@id":"https:\/\/infotec-ag.de\/#organization","name":"IGH Infotec AG","url":"https:\/\/infotec-ag.de\/","logo":{"@type":"ImageObject","inLanguage":"en-GB","@id":"https:\/\/infotec-ag.de\/#\/schema\/logo\/image\/","url":"https:\/\/infotec-ag.de\/wp-content\/uploads\/2025\/02\/Logo_Blue.svg","contentUrl":"https:\/\/infotec-ag.de\/wp-content\/uploads\/2025\/02\/Logo_Blue.svg","width":199,"height":42,"caption":"IGH Infotec AG"},"image":{"@id":"https:\/\/infotec-ag.de\/#\/schema\/logo\/image\/"}}]}},"_links":{"self":[{"href":"https:\/\/infotec-ag.de\/en\/wp-json\/wp\/v2\/pages\/3982","targetHints":{"allow":["GET"]}}],"collection":[{"href":"https:\/\/infotec-ag.de\/en\/wp-json\/wp\/v2\/pages"}],"about":[{"href":"https:\/\/infotec-ag.de\/en\/wp-json\/wp\/v2\/types\/page"}],"author":[{"embeddable":true,"href":"https:\/\/infotec-ag.de\/en\/wp-json\/wp\/v2\/users\/1"}],"replies":[{"embeddable":true,"href":"https:\/\/infotec-ag.de\/en\/wp-json\/wp\/v2\/comments?post=3982"}],"version-history":[{"count":6,"href":"https:\/\/infotec-ag.de\/en\/wp-json\/wp\/v2\/pages\/3982\/revisions"}],"predecessor-version":[{"id":19655,"href":"https:\/\/infotec-ag.de\/en\/wp-json\/wp\/v2\/pages\/3982\/revisions\/19655"}],"wp:featuredmedia":[{"embeddable":true,"href":"https:\/\/infotec-ag.de\/en\/wp-json\/wp\/v2\/media\/5885"}],"wp:attachment":[{"href":"https:\/\/infotec-ag.de\/en\/wp-json\/wp\/v2\/media?parent=3982"}],"curies":[{"name":"wp","href":"https:\/\/api.w.org\/{rel}","templated":true}]}}