{"id":5107,"date":"2025-03-10T11:19:55","date_gmt":"2025-03-10T10:19:55","guid":{"rendered":"https:\/\/ighinfotecagwebsite.live-website.com\/?page_id=5107"},"modified":"2025-12-23T12:31:42","modified_gmt":"2025-12-23T11:31:42","slug":"danke-stellenanzeige","status":"publish","type":"page","link":"https:\/\/infotec-ag.de\/en\/danke-stellenanzeige\/","title":{"rendered":"Danke-Stellenanzeige"},"content":{"rendered":"<div data-elementor-type=\"wp-page\" data-elementor-id=\"5107\" class=\"elementor elementor-5107\" data-elementor-post-type=\"page\">\n\t\t\t\t<div class=\"elementor-element elementor-element-0d30d9e e-flex e-con-boxed e-con e-parent\" data-id=\"0d30d9e\" data-element_type=\"container\">\n\t\t\t\t\t<div class=\"e-con-inner\">\n\t\t<div class=\"elementor-element elementor-element-4189164 e-con-full e-flex e-con e-child\" data-id=\"4189164\" data-element_type=\"container\" data-settings=\"{&quot;background_background&quot;:&quot;classic&quot;}\">\n\t\t<div class=\"elementor-element elementor-element-f4c4376 e-con-full e-flex e-con e-child\" data-id=\"f4c4376\" data-element_type=\"container\" data-settings=\"{&quot;background_background&quot;:&quot;classic&quot;}\">\n\t\t\t\t<\/div>\n\t\t\t\t<div class=\"elementor-element elementor-element-86bca78 elementor-widget__width-auto elementor-widget elementor-widget-heading\" data-id=\"86bca78\" data-element_type=\"widget\" data-widget_type=\"heading.default\">\n\t\t\t\t\t<h2 class=\"elementor-heading-title elementor-size-default\">Job application<\/h2>\t\t\t\t<\/div>\n\t\t\t\t<\/div>\n\t\t\t\t<div class=\"elementor-element elementor-element-c9a5ad4 white-gradient animated-slow elementor-invisible elementor-widget elementor-widget-heading\" data-id=\"c9a5ad4\" data-element_type=\"widget\" data-settings=\"{&quot;_animation&quot;:&quot;fadeIn&quot;}\" data-widget_type=\"heading.default\">\n\t\t\t\t\t<h2 class=\"elementor-heading-title elementor-size-default\">Thank you for your application!<\/h2>\t\t\t\t<\/div>\n\t\t\t\t<div class=\"elementor-element elementor-element-4af7e49 elementor-widget__width-initial elementor-widget-mobile__width-inherit elementor-invisible elementor-widget elementor-widget-text-editor\" data-id=\"4af7e49\" data-element_type=\"widget\" data-settings=\"{&quot;_animation&quot;:&quot;fadeIn&quot;,&quot;_animation_delay&quot;:200}\" data-widget_type=\"text-editor.default\">\n\t\t\t\t\t\t\t\t\t<p class=\"p1\">Thank you for your application!\u00a0<\/p>\n<p class=\"p1\">We have received your documents and will check them carefully. We will contact you shortly to discuss the next steps.<\/p>\n<p class=\"p1\">We look forward to seeing you \ud83d\ude4c<\/p>\t\t\t\t\t\t\t\t<\/div>\n\t\t<div class=\"elementor-element elementor-element-db2df7d e-con-full blurred e-flex e-con e-child\" data-id=\"db2df7d\" data-element_type=\"container\" data-settings=\"{&quot;background_background&quot;:&quot;classic&quot;,&quot;position&quot;:&quot;absolute&quot;}\">\n\t\t\t\t<\/div>\n\t\t\t\t\t<\/div>\n\t\t\t\t<\/div>\n\t\t\t\t<\/div>","protected":false},"excerpt":{"rendered":"<p>Bewerbung Stellenanzeige Vielen Dank f\u00fcr Ihre Bewerbung! Vielen Dank f\u00fcr Ihre Bewerbung!\u00a0 Wir haben Ihre Unterlagen erhalten und werden diese sorgf\u00e4ltig pr\u00fcfen. Wir melden uns in K\u00fcrze bei Ihnen, um die n\u00e4chsten Schritte zu besprechen. Wir freuen uns auf Sie \ud83d\ude4c<\/p>","protected":false},"author":1,"featured_media":0,"parent":0,"menu_order":0,"comment_status":"closed","ping_status":"closed","template":"","meta":{"footnotes":""},"class_list":["post-5107","page","type-page","status-publish","hentry"],"yoast_head":"<!-- This site is optimized with the Yoast SEO plugin v27.2 - https:\/\/yoast.com\/product\/yoast-seo-wordpress\/ -->\n<title>Danke-Stellenanzeige - IGH Infotec AG<\/title>\n<meta name=\"description\" content=\"Vielen Dank f\u00fcr deine Bewerbung. Wir haben deine Unterlagen erhalten und melden uns schnellstm\u00f6glich bei dir zur\u00fcck.\" \/>\n<meta name=\"robots\" content=\"index, follow, max-snippet:-1, max-image-preview:large, max-video-preview:-1\" \/>\n<link rel=\"canonical\" href=\"https:\/\/infotec-ag.de\/en\/danke-stellenanzeige\/\" \/>\n<meta property=\"og:locale\" content=\"en_GB\" \/>\n<meta property=\"og:type\" content=\"article\" \/>\n<meta property=\"og:title\" content=\"Danke-Stellenanzeige - IGH Infotec AG\" \/>\n<meta property=\"og:description\" content=\"Vielen Dank f\u00fcr deine Bewerbung. Wir haben deine Unterlagen erhalten und melden uns schnellstm\u00f6glich bei dir zur\u00fcck.\" \/>\n<meta property=\"og:url\" content=\"https:\/\/infotec-ag.de\/en\/danke-stellenanzeige\/\" \/>\n<meta property=\"og:site_name\" content=\"IGH Infotec AG\" \/>\n<meta property=\"article:modified_time\" content=\"2025-12-23T11:31:42+00:00\" \/>\n<meta property=\"og:image\" content=\"https:\/\/infotec-ag.de\/wp-content\/uploads\/2025\/05\/Header-Image.png\" \/>\n\t<meta property=\"og:image:width\" content=\"1684\" \/>\n\t<meta property=\"og:image:height\" content=\"727\" \/>\n\t<meta property=\"og:image:type\" content=\"image\/png\" \/>\n<meta name=\"twitter:card\" content=\"summary_large_image\" \/>\n<meta name=\"twitter:label1\" content=\"Estimated reading time\" \/>\n\t<meta name=\"twitter:data1\" content=\"1 minute\" \/>\n<script type=\"application\/ld+json\" class=\"yoast-schema-graph\">{\"@context\":\"https:\/\/schema.org\",\"@graph\":[{\"@type\":\"WebPage\",\"@id\":\"https:\/\/infotec-ag.de\/danke-stellenanzeige\/\",\"url\":\"https:\/\/infotec-ag.de\/danke-stellenanzeige\/\",\"name\":\"Danke-Stellenanzeige - IGH Infotec AG\",\"isPartOf\":{\"@id\":\"https:\/\/infotec-ag.de\/#website\"},\"datePublished\":\"2025-03-10T10:19:55+00:00\",\"dateModified\":\"2025-12-23T11:31:42+00:00\",\"description\":\"Vielen Dank f\u00fcr deine Bewerbung. Wir haben deine Unterlagen erhalten und melden uns schnellstm\u00f6glich bei dir zur\u00fcck.\",\"breadcrumb\":{\"@id\":\"https:\/\/infotec-ag.de\/danke-stellenanzeige\/#breadcrumb\"},\"inLanguage\":\"en-GB\",\"potentialAction\":[{\"@type\":\"ReadAction\",\"target\":[\"https:\/\/infotec-ag.de\/danke-stellenanzeige\/\"]}]},{\"@type\":\"BreadcrumbList\",\"@id\":\"https:\/\/infotec-ag.de\/danke-stellenanzeige\/#breadcrumb\",\"itemListElement\":[{\"@type\":\"ListItem\",\"position\":1,\"name\":\"Startseite\",\"item\":\"https:\/\/infotec-ag.de\/\"},{\"@type\":\"ListItem\",\"position\":2,\"name\":\"Danke-Stellenanzeige\"}]},{\"@type\":\"WebSite\",\"@id\":\"https:\/\/infotec-ag.de\/#website\",\"url\":\"https:\/\/infotec-ag.de\/\",\"name\":\"IGH Infotec AG\",\"description\":\"\",\"publisher\":{\"@id\":\"https:\/\/infotec-ag.de\/#organization\"},\"potentialAction\":[{\"@type\":\"SearchAction\",\"target\":{\"@type\":\"EntryPoint\",\"urlTemplate\":\"https:\/\/infotec-ag.de\/?s={search_term_string}\"},\"query-input\":{\"@type\":\"PropertyValueSpecification\",\"valueRequired\":true,\"valueName\":\"search_term_string\"}}],\"inLanguage\":\"en-GB\"},{\"@type\":\"Organization\",\"@id\":\"https:\/\/infotec-ag.de\/#organization\",\"name\":\"IGH Infotec AG\",\"url\":\"https:\/\/infotec-ag.de\/\",\"logo\":{\"@type\":\"ImageObject\",\"inLanguage\":\"en-GB\",\"@id\":\"https:\/\/infotec-ag.de\/#\/schema\/logo\/image\/\",\"url\":\"https:\/\/infotec-ag.de\/wp-content\/uploads\/2025\/02\/Logo_Blue.svg\",\"contentUrl\":\"https:\/\/infotec-ag.de\/wp-content\/uploads\/2025\/02\/Logo_Blue.svg\",\"width\":199,\"height\":42,\"caption\":\"IGH Infotec AG\"},\"image\":{\"@id\":\"https:\/\/infotec-ag.de\/#\/schema\/logo\/image\/\"}}]}<\/script>\n<!-- \/ Yoast SEO plugin. -->","yoast_head_json":{"title":"Danke-Stellenanzeige - IGH Infotec AG","description":"Vielen Dank f\u00fcr deine Bewerbung. Wir haben deine Unterlagen erhalten und melden uns schnellstm\u00f6glich bei dir zur\u00fcck.","robots":{"index":"index","follow":"follow","max-snippet":"max-snippet:-1","max-image-preview":"max-image-preview:large","max-video-preview":"max-video-preview:-1"},"canonical":"https:\/\/infotec-ag.de\/en\/danke-stellenanzeige\/","og_locale":"en_GB","og_type":"article","og_title":"Danke-Stellenanzeige - IGH Infotec AG","og_description":"Vielen Dank f\u00fcr deine Bewerbung. Wir haben deine Unterlagen erhalten und melden uns schnellstm\u00f6glich bei dir zur\u00fcck.","og_url":"https:\/\/infotec-ag.de\/en\/danke-stellenanzeige\/","og_site_name":"IGH Infotec AG","article_modified_time":"2025-12-23T11:31:42+00:00","og_image":[{"width":1684,"height":727,"url":"https:\/\/infotec-ag.de\/wp-content\/uploads\/2025\/05\/Header-Image.png","type":"image\/png"}],"twitter_card":"summary_large_image","twitter_misc":{"Estimated reading time":"1 minute"},"schema":{"@context":"https:\/\/schema.org","@graph":[{"@type":"WebPage","@id":"https:\/\/infotec-ag.de\/danke-stellenanzeige\/","url":"https:\/\/infotec-ag.de\/danke-stellenanzeige\/","name":"Danke-Stellenanzeige - IGH Infotec AG","isPartOf":{"@id":"https:\/\/infotec-ag.de\/#website"},"datePublished":"2025-03-10T10:19:55+00:00","dateModified":"2025-12-23T11:31:42+00:00","description":"Vielen Dank f\u00fcr deine Bewerbung. Wir haben deine Unterlagen erhalten und melden uns schnellstm\u00f6glich bei dir zur\u00fcck.","breadcrumb":{"@id":"https:\/\/infotec-ag.de\/danke-stellenanzeige\/#breadcrumb"},"inLanguage":"en-GB","potentialAction":[{"@type":"ReadAction","target":["https:\/\/infotec-ag.de\/danke-stellenanzeige\/"]}]},{"@type":"BreadcrumbList","@id":"https:\/\/infotec-ag.de\/danke-stellenanzeige\/#breadcrumb","itemListElement":[{"@type":"ListItem","position":1,"name":"Startseite","item":"https:\/\/infotec-ag.de\/"},{"@type":"ListItem","position":2,"name":"Danke-Stellenanzeige"}]},{"@type":"WebSite","@id":"https:\/\/infotec-ag.de\/#website","url":"https:\/\/infotec-ag.de\/","name":"IGH Infotec AG","description":"","publisher":{"@id":"https:\/\/infotec-ag.de\/#organization"},"potentialAction":[{"@type":"SearchAction","target":{"@type":"EntryPoint","urlTemplate":"https:\/\/infotec-ag.de\/?s={search_term_string}"},"query-input":{"@type":"PropertyValueSpecification","valueRequired":true,"valueName":"search_term_string"}}],"inLanguage":"en-GB"},{"@type":"Organization","@id":"https:\/\/infotec-ag.de\/#organization","name":"IGH Infotec AG","url":"https:\/\/infotec-ag.de\/","logo":{"@type":"ImageObject","inLanguage":"en-GB","@id":"https:\/\/infotec-ag.de\/#\/schema\/logo\/image\/","url":"https:\/\/infotec-ag.de\/wp-content\/uploads\/2025\/02\/Logo_Blue.svg","contentUrl":"https:\/\/infotec-ag.de\/wp-content\/uploads\/2025\/02\/Logo_Blue.svg","width":199,"height":42,"caption":"IGH Infotec AG"},"image":{"@id":"https:\/\/infotec-ag.de\/#\/schema\/logo\/image\/"}}]}},"_links":{"self":[{"href":"https:\/\/infotec-ag.de\/en\/wp-json\/wp\/v2\/pages\/5107","targetHints":{"allow":["GET"]}}],"collection":[{"href":"https:\/\/infotec-ag.de\/en\/wp-json\/wp\/v2\/pages"}],"about":[{"href":"https:\/\/infotec-ag.de\/en\/wp-json\/wp\/v2\/types\/page"}],"author":[{"embeddable":true,"href":"https:\/\/infotec-ag.de\/en\/wp-json\/wp\/v2\/users\/1"}],"replies":[{"embeddable":true,"href":"https:\/\/infotec-ag.de\/en\/wp-json\/wp\/v2\/comments?post=5107"}],"version-history":[{"count":0,"href":"https:\/\/infotec-ag.de\/en\/wp-json\/wp\/v2\/pages\/5107\/revisions"}],"wp:attachment":[{"href":"https:\/\/infotec-ag.de\/en\/wp-json\/wp\/v2\/media?parent=5107"}],"curies":[{"name":"wp","href":"https:\/\/api.w.org\/{rel}","templated":true}]}}