{"id":6548,"date":"2025-03-13T11:02:48","date_gmt":"2025-03-13T10:02:48","guid":{"rendered":"https:\/\/ighinfotecagwebsite.live-website.com\/?page_id=6548"},"modified":"2025-12-23T12:49:54","modified_gmt":"2025-12-23T11:49:54","slug":"wareneingangslabel-generator","status":"publish","type":"page","link":"https:\/\/infotec-ag.de\/en\/wareneingangslabel-generator\/","title":{"rendered":"Wareneingangslabel-Generator"},"content":{"rendered":"\t\t<div data-elementor-type=\"wp-page\" data-elementor-id=\"6548\" class=\"elementor elementor-6548\" data-elementor-post-type=\"page\">\n\t\t\t\t<div class=\"elementor-element elementor-element-61926cf e-flex e-con-boxed e-con e-parent\" data-id=\"61926cf\" data-element_type=\"container\">\n\t\t\t\t\t<div class=\"e-con-inner\">\n\t\t<div class=\"elementor-element elementor-element-82a9e96 e-con-full e-flex e-con e-child\" data-id=\"82a9e96\" data-element_type=\"container\" data-settings=\"{&quot;background_background&quot;:&quot;classic&quot;}\">\n\t\t<div class=\"elementor-element elementor-element-a709708 e-con-full e-flex e-con e-child\" data-id=\"a709708\" data-element_type=\"container\" data-settings=\"{&quot;background_background&quot;:&quot;classic&quot;}\">\n\t\t\t\t<\/div>\n\t\t\t\t<div class=\"elementor-element elementor-element-10ca0c3 elementor-widget__width-auto elementor-widget elementor-widget-heading\" data-id=\"10ca0c3\" data-element_type=\"widget\" data-widget_type=\"heading.default\">\n\t\t\t\t\t<h2 class=\"elementor-heading-title elementor-size-default\">Generator<\/h2>\t\t\t\t<\/div>\n\t\t\t\t<\/div>\n\t\t\t\t<div class=\"elementor-element elementor-element-ad61d27 white-gradient elementor-invisible elementor-widget elementor-widget-heading\" data-id=\"ad61d27\" data-element_type=\"widget\" data-settings=\"{&quot;_animation&quot;:&quot;fadeIn&quot;}\" data-widget_type=\"heading.default\">\n\t\t\t\t\t<h1 class=\"elementor-heading-title elementor-size-default\">Wareneingangslabel Generator<\/h1>\t\t\t\t<\/div>\n\t\t<div class=\"elementor-element elementor-element-48582f1 e-con-full blurred e-flex e-con e-child\" data-id=\"48582f1\" data-element_type=\"container\" data-settings=\"{&quot;background_background&quot;:&quot;classic&quot;,&quot;position&quot;:&quot;absolute&quot;}\">\n\t\t\t\t<\/div>\n\t\t\t\t\t<\/div>\n\t\t\t\t<\/div>\n\t\t<div class=\"elementor-element elementor-element-537e8df e-flex e-con-boxed e-con e-parent\" data-id=\"537e8df\" data-element_type=\"container\" data-settings=\"{&quot;background_background&quot;:&quot;classic&quot;}\">\n\t\t\t\t\t<div class=\"e-con-inner\">\n\t\t\t\t<div class=\"elementor-element elementor-element-797a0b7 elementor-widget__width-initial elementor-widget-mobile__width-inherit elementor-invisible elementor-widget elementor-widget-text-editor\" data-id=\"797a0b7\" data-element_type=\"widget\" data-settings=\"{&quot;_animation&quot;:&quot;fadeIn&quot;,&quot;_animation_delay&quot;:200}\" data-widget_type=\"text-editor.default\">\n\t\t\t\t\t\t\t\t\t<h4 class=\"fusion-responsive-typography-calculated\" data-fontsize=\"40\" data-lineheight=\"44px\"><strong>Generieren Sie kostenlos Ihr Wareneingangslabel<\/strong><\/h4><p>Mit unserem benutzerfreundlichen <strong>Online-Barcode-Generator<\/strong> k\u00f6nnen Sie schnell und problemlos Ihren eigenen Barcode generieren. Einfach die unten stehenden Felder ausf\u00fcllen und anschlie\u00dfend ausdrucken.<\/p>\t\t\t\t\t\t\t\t<\/div>\n\t\t\t\t<div class=\"elementor-element elementor-element-9ec5a2e elementor-widget elementor-widget-shortcode\" data-id=\"9ec5a2e\" data-element_type=\"widget\" data-widget_type=\"shortcode.default\">\n\t\t\t\t\t\t\t<div class=\"elementor-shortcode\">\n<style>\n.py-5 { padding: 5px 0; }\ninput[type=email], input[type=number], input[type=password], input[type=text], input, textarea { color: #000000; }\n<\/style>\n<form enctype=\"multipart\/form-data\" name=\"wel-form\" action=\"\" method=\"post\" target=\"_blank\">\n\t<div class=\"row py-5\">\n\t\t<div class=\"col-md-6\"> \n\t\t\t<div>\n\t\t\t\t<label for=\"powermail_field_consignee\" title=\"\">Goods recipient<span class=\"mandatory\">*<\/span><\/label> \n\t\t\t\t<div> \n\t\t\t\t\t<textarea rows=\"6\" cols=\"40\" required placeholder=\"Firma Mustermann\nB\u00fcro Musterstadt\nMusterstra\u00dfe 12\n47111 Musterstadt\nGermany\" name=\"consignee\"><\/textarea>\n\t\t\t\t<\/div>\n\t\t\t <\/div>\n\t\t<\/div>\n\t\t<div class=\"col-md-6\"> \n\t\t\t<div>\n\t\t\t\t<label for=\"powermail_field_suppliersaddr\" title=\"\">Supplier's address<span class=\"mandatory\">*<\/span><\/label> \n\t\t\t\t<div>\n\t\t\t\t\t<textarea rows=\"6\" cols=\"40\" required placeholder=\"Firma Mustermann\nB\u00fcro Musterstadt\nMusterstra\u00dfe 12\n47111 Musterstadt\nGermany\" name=\"suppliersaddr\"><\/textarea>\n\t\t\t\t<\/div>\n\t\t\t<\/div>\n\t\t<\/div>\n\t<\/div>\n\t<div class=\"row py-5\">\n\t\t<div class=\"col-md-6\"> \n\t\t\t<div>\n\t\t\t\t<label for=\"powermail_field_descr\">Designation<\/label> \n\t\t\t\t<div>\n\t\t\t\t\t<input placeholder=\"Produkt\" type=\"text\" name=\"descr\" value=\"\">\n\t\t\t\t<\/div>\n\t\t\t<\/div>\n\t\t<\/div>\n\t\t<div class=\"col-md-6\"> \n\t\t\t<div>\n\t\t\t\t<label for=\"powermail_field_ean-matnr\">Material No.<span class=\"mandatory\">*<\/span><\/label> \n\t\t\t\t<div>\n\t\t\t\t\t<input placeholder=\"123-4567\" type=\"text\" required name=\"ean-matnr\" value=\"\">\n\t\t\t\t<\/div>\n\t\t\t<\/div>\n\t\t<\/div>\n\t<\/div>\n\t<div class=\"row py-5\">\n\t\t<div class=\"col-md-6\"> \n\t\t\t<div>\n\t\t\t\t<label for=\"powermail_field_ean-ordernr\">Order No.<span class=\"mandatory\">*<\/span><\/label> \n\t\t\t\t<div>\n\t\t\t\t\t<input placeholder=\"45000027\" type=\"text\" required name=\"ean-ordernr\" value=\"\">\n\t\t\t\t<\/div>\n\t\t\t<\/div>\n\t\t<\/div>\n\t\t<div class=\"col-md-6\"> \n\t\t\t<div>\n\t\t\t\t<label for=\"powermail_field_ean-menge\">Quantity<span class=\"mandatory\">*<\/span><\/label> \n\t\t\t\t<div>\n\t\t\t\t\t<input placeholder=\"5000\" type=\"text\" required name=\"ean-menge\" value=\"\">\n\t\t\t\t<\/div>\n\t\t\t<\/div>\n\t\t<\/div>\n\t<\/div>\n\t<div class=\"row py-5\">\n\t\t<div class=\"col-md-6\"> \n\t\t\t<div>\n\t\t\t\t<label for=\"powermail_field_weightnt\">Net weight<\/label>\n\t\t\t\t<div>\n\t\t\t\t\t<input placeholder=\"12,5\" type=\"text\" name=\"weightnt\" value=\"\">\n\t\t\t\t<\/div>\n\t\t\t<\/div>\n\t\t<\/div>\n\t\t<div class=\"col-md-6\"> \n\t\t\t<div>\n\t\t\t\t<label for=\"powermail_field_weightbr\">Gross weight<\/label> \n\t\t\t\t<div>\n\t\t\t\t\t<input placeholder=\"13,5\" type=\"text\" name=\"weightbr\" value=\"\">\n\t\t\t\t<\/div>\n\t\t\t<\/div>\n\t\t<\/div>\n\t<\/div>\n\t<div class=\"row py-5\">\n\t\t<div class=\"col-md-6\"> \n\t\t\t<div>\n\t\t\t\t<label for=\"powermail_field_packetamnt\">Number of parcels<\/label> \n\t\t\t\t<div>\n\t\t\t\t\t<input placeholder=\"2\" type=\"text\" name=\"packetamnt\" value=\"\">\n\t\t\t\t<\/div>\n\t\t\t<\/div>\n\t\t<\/div>\n\t\t<div class=\"col-md-6\"> \n\t\t\t<div>\n\t\t\t\t<label for=\"powermail_field_ean-suppliernr\">Supplier No.<span class=\"mandatory\">*<\/span><\/label>\n\t\t\t\t<div>\n\t\t\t\t\t<input placeholder=\"1074\" type=\"text\" required name=\"ean-suppliernr\" value=\"\">\n\t\t\t\t<\/div>\n\t\t\t <\/div>\n\t\t<\/div>\n\t<\/div>\n\t<div class=\"row py-5\">\n\t\t<div class=\"col-md-6\"> \n\t\t\t<div>\n\t\t\t\t<label for=\"powermail_field_ean-chargenr\">Batch No.<\/label>\n\t\t\t\t<div>\n\t\t\t\t\t<input placeholder=\"AC-127\" type=\"text\" name=\"ean-chargenr\" value=\"\">\n\t\t\t\t<\/div>\n\t\t\t<\/div>\n\t\t<\/div>\n\t<\/div>\n\t<div class=\"row py-5\">\n\t\t<div class=\"col-md-12\"> \n\t\t\t<input type=\"submit\" name=\"submit\" value=\"Generate label\" class=\"fusion-button button-flat button-medium button-default button-2 fusion-button-span-no fusion-button-default-type\">\n\t\t<\/div>\n\t<\/div>\n\t<div style=\"margin-left: -99999px; position: absolute;\">\n\t\t<label for=\"powermail_hp_6\">Do not use this field<\/label>\n\t\t<input autocomplete=\"off\" id=\"__hp\" type=\"text\" name=\"__hp\" value=\"\">\n\t<\/div>\n<\/form>\n\t<\/div>\n\t\t\t\t\t\t<\/div>\n\t\t\t\t<div class=\"elementor-element elementor-element-86ab51a elementor-widget elementor-widget-text-editor\" data-id=\"86ab51a\" data-element_type=\"widget\" data-widget_type=\"text-editor.default\">\n\t\t\t\t\t\t\t\t\t<p>Bitte beachten Sie folgendes beim Druck des Labels:<\/p><p>Damit das Label ohne Kopf- und Fu\u00dfzeile gedruckt wird, m\u00fcssen diese beim Druck ausgeblendet werden. Hier ein kurzer Wegweiser f\u00fcr die unterschiedlichen Browser:<\/p><p>Mozilla Firefox:<br \/>In der Druckvorschau oben links \u201eSeite einrichten\u201c w\u00e4hlen. \u00dcber den Reiter \u201eR\u00e4nder \/ Kopf-\/Fu\u00dfzeilen\u201c die Leisten entleeren.<\/p><p>Google Chrome:<br \/>In der Druckvorschau \u201eWeitere Einstellungen\u201c aufklappen und die Checkbox bei \u201eKopf- und Fu\u00dfzeilen\u201c abw\u00e4hlen.<\/p><p>Apple Safari:<br \/>Im Men\u00fc die Druckoptionen laden. Im Dialogfenster die Checkbox \u201eKopf- und Fu\u00dfzeilen\u201c abw\u00e4hlen<\/p>\t\t\t\t\t\t\t\t<\/div>\n\t\t\t\t\t<\/div>\n\t\t\t\t<\/div>\n\t\t\t\t<\/div>\n\t\t","protected":false},"excerpt":{"rendered":"<p>Generator Wareneingangslabel Generator Generieren Sie kostenlos Ihr Wareneingangslabel Mit unserem benutzerfreundlichen Online-Barcode-Generator k\u00f6nnen Sie schnell und problemlos Ihren eigenen Barcode generieren. Einfach die unten stehenden Felder ausf\u00fcllen und anschlie\u00dfend ausdrucken. Bitte beachten Sie folgendes beim Druck des Labels: Damit das Label ohne Kopf- und Fu\u00dfzeile gedruckt wird, m\u00fcssen diese beim Druck ausgeblendet werden. Hier ein [&hellip;]<\/p>\n","protected":false},"author":1,"featured_media":0,"parent":0,"menu_order":0,"comment_status":"closed","ping_status":"closed","template":"","meta":{"footnotes":""},"class_list":["post-6548","page","type-page","status-publish","hentry"],"yoast_head":"<!-- This site is optimized with the Yoast SEO plugin v27.2 - https:\/\/yoast.com\/product\/yoast-seo-wordpress\/ -->\n<title>Wareneingangslabel-Generator - IGH Infotec AG<\/title>\n<meta name=\"description\" content=\"Wareneingangs-Label-Generator: Etiketten automatisiert erstellen &amp; drucken direkt im SAP-System. Effizient, fehlerfrei und optimiert.\" \/>\n<meta name=\"robots\" content=\"index, follow, max-snippet:-1, max-image-preview:large, max-video-preview:-1\" \/>\n<link rel=\"canonical\" href=\"https:\/\/infotec-ag.de\/en\/wareneingangslabel-generator\/\" \/>\n<meta property=\"og:locale\" content=\"en_GB\" \/>\n<meta property=\"og:type\" content=\"article\" \/>\n<meta property=\"og:title\" content=\"Wareneingangslabel-Generator - IGH Infotec AG\" \/>\n<meta property=\"og:description\" content=\"Wareneingangs-Label-Generator: Etiketten automatisiert erstellen &amp; drucken direkt im SAP-System. Effizient, fehlerfrei und optimiert.\" \/>\n<meta property=\"og:url\" content=\"https:\/\/infotec-ag.de\/en\/wareneingangslabel-generator\/\" \/>\n<meta property=\"og:site_name\" content=\"IGH Infotec AG\" \/>\n<meta property=\"article:modified_time\" content=\"2025-12-23T11:49:54+00:00\" \/>\n<meta property=\"og:image\" content=\"https:\/\/infotec-ag.de\/wp-content\/uploads\/2025\/05\/Header-Image.png\" \/>\n\t<meta property=\"og:image:width\" content=\"1684\" \/>\n\t<meta property=\"og:image:height\" content=\"727\" \/>\n\t<meta property=\"og:image:type\" content=\"image\/png\" \/>\n<meta name=\"twitter:card\" content=\"summary_large_image\" \/>\n<meta name=\"twitter:label1\" content=\"Estimated reading time\" \/>\n\t<meta name=\"twitter:data1\" content=\"1 minute\" \/>\n<script type=\"application\/ld+json\" class=\"yoast-schema-graph\">{\"@context\":\"https:\/\/schema.org\",\"@graph\":[{\"@type\":\"WebPage\",\"@id\":\"https:\/\/infotec-ag.de\/wareneingangslabel-generator\/\",\"url\":\"https:\/\/infotec-ag.de\/wareneingangslabel-generator\/\",\"name\":\"Wareneingangslabel-Generator - IGH Infotec AG\",\"isPartOf\":{\"@id\":\"https:\/\/infotec-ag.de\/#website\"},\"datePublished\":\"2025-03-13T10:02:48+00:00\",\"dateModified\":\"2025-12-23T11:49:54+00:00\",\"description\":\"Wareneingangs-Label-Generator: Etiketten automatisiert erstellen & drucken direkt im SAP-System. Effizient, fehlerfrei und optimiert.\",\"breadcrumb\":{\"@id\":\"https:\/\/infotec-ag.de\/wareneingangslabel-generator\/#breadcrumb\"},\"inLanguage\":\"en-GB\",\"potentialAction\":[{\"@type\":\"ReadAction\",\"target\":[\"https:\/\/infotec-ag.de\/wareneingangslabel-generator\/\"]}]},{\"@type\":\"BreadcrumbList\",\"@id\":\"https:\/\/infotec-ag.de\/wareneingangslabel-generator\/#breadcrumb\",\"itemListElement\":[{\"@type\":\"ListItem\",\"position\":1,\"name\":\"Startseite\",\"item\":\"https:\/\/infotec-ag.de\/\"},{\"@type\":\"ListItem\",\"position\":2,\"name\":\"Wareneingangslabel-Generator\"}]},{\"@type\":\"WebSite\",\"@id\":\"https:\/\/infotec-ag.de\/#website\",\"url\":\"https:\/\/infotec-ag.de\/\",\"name\":\"IGH Infotec AG\",\"description\":\"\",\"publisher\":{\"@id\":\"https:\/\/infotec-ag.de\/#organization\"},\"potentialAction\":[{\"@type\":\"SearchAction\",\"target\":{\"@type\":\"EntryPoint\",\"urlTemplate\":\"https:\/\/infotec-ag.de\/?s={search_term_string}\"},\"query-input\":{\"@type\":\"PropertyValueSpecification\",\"valueRequired\":true,\"valueName\":\"search_term_string\"}}],\"inLanguage\":\"en-GB\"},{\"@type\":\"Organization\",\"@id\":\"https:\/\/infotec-ag.de\/#organization\",\"name\":\"IGH Infotec AG\",\"url\":\"https:\/\/infotec-ag.de\/\",\"logo\":{\"@type\":\"ImageObject\",\"inLanguage\":\"en-GB\",\"@id\":\"https:\/\/infotec-ag.de\/#\/schema\/logo\/image\/\",\"url\":\"https:\/\/infotec-ag.de\/wp-content\/uploads\/2025\/02\/Logo_Blue.svg\",\"contentUrl\":\"https:\/\/infotec-ag.de\/wp-content\/uploads\/2025\/02\/Logo_Blue.svg\",\"width\":199,\"height\":42,\"caption\":\"IGH Infotec AG\"},\"image\":{\"@id\":\"https:\/\/infotec-ag.de\/#\/schema\/logo\/image\/\"}}]}<\/script>\n<!-- \/ Yoast SEO plugin. -->","yoast_head_json":{"title":"Wareneingangslabel-Generator - IGH Infotec AG","description":"Wareneingangs-Label-Generator: Etiketten automatisiert erstellen & drucken direkt im SAP-System. Effizient, fehlerfrei und optimiert.","robots":{"index":"index","follow":"follow","max-snippet":"max-snippet:-1","max-image-preview":"max-image-preview:large","max-video-preview":"max-video-preview:-1"},"canonical":"https:\/\/infotec-ag.de\/en\/wareneingangslabel-generator\/","og_locale":"en_GB","og_type":"article","og_title":"Wareneingangslabel-Generator - IGH Infotec AG","og_description":"Wareneingangs-Label-Generator: Etiketten automatisiert erstellen & drucken direkt im SAP-System. Effizient, fehlerfrei und optimiert.","og_url":"https:\/\/infotec-ag.de\/en\/wareneingangslabel-generator\/","og_site_name":"IGH Infotec AG","article_modified_time":"2025-12-23T11:49:54+00:00","og_image":[{"width":1684,"height":727,"url":"https:\/\/infotec-ag.de\/wp-content\/uploads\/2025\/05\/Header-Image.png","type":"image\/png"}],"twitter_card":"summary_large_image","twitter_misc":{"Estimated reading time":"1 minute"},"schema":{"@context":"https:\/\/schema.org","@graph":[{"@type":"WebPage","@id":"https:\/\/infotec-ag.de\/wareneingangslabel-generator\/","url":"https:\/\/infotec-ag.de\/wareneingangslabel-generator\/","name":"Wareneingangslabel-Generator - IGH Infotec AG","isPartOf":{"@id":"https:\/\/infotec-ag.de\/#website"},"datePublished":"2025-03-13T10:02:48+00:00","dateModified":"2025-12-23T11:49:54+00:00","description":"Wareneingangs-Label-Generator: Etiketten automatisiert erstellen & drucken direkt im SAP-System. Effizient, fehlerfrei und optimiert.","breadcrumb":{"@id":"https:\/\/infotec-ag.de\/wareneingangslabel-generator\/#breadcrumb"},"inLanguage":"en-GB","potentialAction":[{"@type":"ReadAction","target":["https:\/\/infotec-ag.de\/wareneingangslabel-generator\/"]}]},{"@type":"BreadcrumbList","@id":"https:\/\/infotec-ag.de\/wareneingangslabel-generator\/#breadcrumb","itemListElement":[{"@type":"ListItem","position":1,"name":"Startseite","item":"https:\/\/infotec-ag.de\/"},{"@type":"ListItem","position":2,"name":"Wareneingangslabel-Generator"}]},{"@type":"WebSite","@id":"https:\/\/infotec-ag.de\/#website","url":"https:\/\/infotec-ag.de\/","name":"IGH Infotec AG","description":"","publisher":{"@id":"https:\/\/infotec-ag.de\/#organization"},"potentialAction":[{"@type":"SearchAction","target":{"@type":"EntryPoint","urlTemplate":"https:\/\/infotec-ag.de\/?s={search_term_string}"},"query-input":{"@type":"PropertyValueSpecification","valueRequired":true,"valueName":"search_term_string"}}],"inLanguage":"en-GB"},{"@type":"Organization","@id":"https:\/\/infotec-ag.de\/#organization","name":"IGH Infotec AG","url":"https:\/\/infotec-ag.de\/","logo":{"@type":"ImageObject","inLanguage":"en-GB","@id":"https:\/\/infotec-ag.de\/#\/schema\/logo\/image\/","url":"https:\/\/infotec-ag.de\/wp-content\/uploads\/2025\/02\/Logo_Blue.svg","contentUrl":"https:\/\/infotec-ag.de\/wp-content\/uploads\/2025\/02\/Logo_Blue.svg","width":199,"height":42,"caption":"IGH Infotec AG"},"image":{"@id":"https:\/\/infotec-ag.de\/#\/schema\/logo\/image\/"}}]}},"_links":{"self":[{"href":"https:\/\/infotec-ag.de\/en\/wp-json\/wp\/v2\/pages\/6548","targetHints":{"allow":["GET"]}}],"collection":[{"href":"https:\/\/infotec-ag.de\/en\/wp-json\/wp\/v2\/pages"}],"about":[{"href":"https:\/\/infotec-ag.de\/en\/wp-json\/wp\/v2\/types\/page"}],"author":[{"embeddable":true,"href":"https:\/\/infotec-ag.de\/en\/wp-json\/wp\/v2\/users\/1"}],"replies":[{"embeddable":true,"href":"https:\/\/infotec-ag.de\/en\/wp-json\/wp\/v2\/comments?post=6548"}],"version-history":[{"count":0,"href":"https:\/\/infotec-ag.de\/en\/wp-json\/wp\/v2\/pages\/6548\/revisions"}],"wp:attachment":[{"href":"https:\/\/infotec-ag.de\/en\/wp-json\/wp\/v2\/media?parent=6548"}],"curies":[{"name":"wp","href":"https:\/\/api.w.org\/{rel}","templated":true}]}}